{"id":852,"date":"2013-09-26T21:31:42","date_gmt":"2013-09-26T21:31:42","guid":{"rendered":"http:\/\/www.nude-in-public.store\/product\/katja-m-alle-serien-1-6\/"},"modified":"2016-07-14T20:10:44","modified_gmt":"2016-07-14T20:10:44","slug":"katja-m-alle-serien-1-6","status":"publish","type":"product","link":"https:\/\/www.nude-in-public.store\/de\/produkt\/katja-m-alle-serien-1-6\/","title":{"rendered":"Katja M. Serien 1-6"},"content":{"rendered":"","protected":false},"excerpt":{"rendered":"<p>Katja M.<br \/>\nFormat: NTSC oder PAL<br \/>\nDrehort: K\u00f6ln, K\u00f6nigswinter, Bonn<br \/>\nL\u00e4nge: 55 Minuten<\/p>\n<p>W\u00e4hle die Girls selber aus, die auf Deiner DVD sein sollen !<br \/>\nW\u00e4hle die Girls aus, lege sie in den Warenkorb und schlie\u00dfe die Bestellung ab.<br \/>\nDu bekommst dann die Girls Deiner Wahl auf DVD nach Hause geschickt.<\/p>\n","protected":false},"featured_media":848,"comment_status":"closed","ping_status":"closed","template":"","meta":[],"product_brand":[],"product_cat":[252],"product_tag":[],"class_list":{"0":"post-852","1":"product","2":"type-product","3":"status-publish","4":"has-post-thumbnail","6":"product_cat-custom-made-dvd","8":"first","9":"instock","10":"taxable","11":"shipping-taxable","12":"purchasable","13":"product-type-simple"},"yoast_head":"<!-- This site is optimized with the Yoast SEO plugin v27.3 - https:\/\/yoast.com\/product\/yoast-seo-wordpress\/ -->\n<title>Katja M. Serien 1-6 - Nude In Public DVD Store<\/title>\n<meta name=\"robots\" content=\"index, follow, max-snippet:-1, max-image-preview:large, max-video-preview:-1\" \/>\n<link rel=\"canonical\" href=\"https:\/\/www.nude-in-public.store\/de\/produkt\/katja-m-alle-serien-1-6\/\" \/>\n<meta property=\"og:locale\" content=\"de_DE\" \/>\n<meta property=\"og:type\" content=\"article\" \/>\n<meta property=\"og:title\" content=\"Katja M. Serien 1-6 - Nude In Public DVD Store\" \/>\n<meta property=\"og:description\" content=\"Katja M. Format: NTSC oder PAL Drehort: K\u00f6ln, K\u00f6nigswinter, Bonn L\u00e4nge: 55 Minuten  W\u00e4hle die Girls selber aus, die auf Deiner DVD sein sollen ! W\u00e4hle die Girls aus, lege sie in den Warenkorb und schlie\u00dfe die Bestellung ab. Du bekommst dann die Girls Deiner Wahl auf DVD nach Hause geschickt.\" \/>\n<meta property=\"og:url\" content=\"https:\/\/www.nude-in-public.store\/de\/produkt\/katja-m-alle-serien-1-6\/\" \/>\n<meta property=\"og:site_name\" content=\"Nude In Public DVD Store\" \/>\n<meta property=\"article:modified_time\" content=\"2016-07-14T20:10:44+00:00\" \/>\n<meta property=\"og:image\" content=\"https:\/\/www.nude-in-public.store\/wp-content\/uploads\/2013\/09\/284-thickbox_default-Katja-M.-alle-Serien-1-6.jpg\" \/>\n\t<meta property=\"og:image:width\" content=\"600\" \/>\n\t<meta property=\"og:image:height\" content=\"600\" \/>\n\t<meta property=\"og:image:type\" content=\"image\/jpeg\" \/>\n<meta name=\"twitter:card\" content=\"summary_large_image\" \/>\n<script type=\"application\/ld+json\" class=\"yoast-schema-graph\">{\"@context\":\"https:\\\/\\\/schema.org\",\"@graph\":[{\"@type\":\"WebPage\",\"@id\":\"https:\\\/\\\/www.nude-in-public.store\\\/de\\\/produkt\\\/katja-m-alle-serien-1-6\\\/\",\"url\":\"https:\\\/\\\/www.nude-in-public.store\\\/de\\\/produkt\\\/katja-m-alle-serien-1-6\\\/\",\"name\":\"Katja M. Serien 1-6 - Nude In Public DVD Store\",\"isPartOf\":{\"@id\":\"https:\\\/\\\/www.nude-in-public.store\\\/de\\\/#website\"},\"primaryImageOfPage\":{\"@id\":\"https:\\\/\\\/www.nude-in-public.store\\\/de\\\/produkt\\\/katja-m-alle-serien-1-6\\\/#primaryimage\"},\"image\":{\"@id\":\"https:\\\/\\\/www.nude-in-public.store\\\/de\\\/produkt\\\/katja-m-alle-serien-1-6\\\/#primaryimage\"},\"thumbnailUrl\":\"https:\\\/\\\/www.nude-in-public.store\\\/wp-content\\\/uploads\\\/2013\\\/09\\\/284-thickbox_default-Katja-M.-alle-Serien-1-6.jpg\",\"datePublished\":\"2013-09-26T21:31:42+00:00\",\"dateModified\":\"2016-07-14T20:10:44+00:00\",\"breadcrumb\":{\"@id\":\"https:\\\/\\\/www.nude-in-public.store\\\/de\\\/produkt\\\/katja-m-alle-serien-1-6\\\/#breadcrumb\"},\"inLanguage\":\"de-DE\",\"potentialAction\":[{\"@type\":\"ReadAction\",\"target\":[\"https:\\\/\\\/www.nude-in-public.store\\\/de\\\/produkt\\\/katja-m-alle-serien-1-6\\\/\"]}]},{\"@type\":\"ImageObject\",\"inLanguage\":\"de-DE\",\"@id\":\"https:\\\/\\\/www.nude-in-public.store\\\/de\\\/produkt\\\/katja-m-alle-serien-1-6\\\/#primaryimage\",\"url\":\"https:\\\/\\\/www.nude-in-public.store\\\/wp-content\\\/uploads\\\/2013\\\/09\\\/284-thickbox_default-Katja-M.-alle-Serien-1-6.jpg\",\"contentUrl\":\"https:\\\/\\\/www.nude-in-public.store\\\/wp-content\\\/uploads\\\/2013\\\/09\\\/284-thickbox_default-Katja-M.-alle-Serien-1-6.jpg\",\"width\":600,\"height\":600,\"caption\":\"Katja M. alle Serien 1-6\"},{\"@type\":\"BreadcrumbList\",\"@id\":\"https:\\\/\\\/www.nude-in-public.store\\\/de\\\/produkt\\\/katja-m-alle-serien-1-6\\\/#breadcrumb\",\"itemListElement\":[{\"@type\":\"ListItem\",\"position\":1,\"name\":\"Home\",\"item\":\"https:\\\/\\\/www.nude-in-public.store\\\/de\\\/\"},{\"@type\":\"ListItem\",\"position\":2,\"name\":\"Shop\",\"item\":\"https:\\\/\\\/www.nude-in-public.store\\\/de\\\/shop-2\\\/\"},{\"@type\":\"ListItem\",\"position\":3,\"name\":\"Katja M. Serien 1-6\"}]},{\"@type\":\"WebSite\",\"@id\":\"https:\\\/\\\/www.nude-in-public.store\\\/de\\\/#website\",\"url\":\"https:\\\/\\\/www.nude-in-public.store\\\/de\\\/\",\"name\":\"Nude In Public DVD Store\",\"description\":\"The NIP-Activity.com DVD Store\",\"publisher\":{\"@id\":\"https:\\\/\\\/www.nude-in-public.store\\\/de\\\/#organization\"},\"potentialAction\":[{\"@type\":\"SearchAction\",\"target\":{\"@type\":\"EntryPoint\",\"urlTemplate\":\"https:\\\/\\\/www.nude-in-public.store\\\/de\\\/?s={search_term_string}\"},\"query-input\":{\"@type\":\"PropertyValueSpecification\",\"valueRequired\":true,\"valueName\":\"search_term_string\"}}],\"inLanguage\":\"de-DE\"},{\"@type\":\"Organization\",\"@id\":\"https:\\\/\\\/www.nude-in-public.store\\\/de\\\/#organization\",\"name\":\"N-I-P Productions Inc.\",\"url\":\"https:\\\/\\\/www.nude-in-public.store\\\/de\\\/\",\"logo\":{\"@type\":\"ImageObject\",\"inLanguage\":\"de-DE\",\"@id\":\"https:\\\/\\\/www.nude-in-public.store\\\/de\\\/#\\\/schema\\\/logo\\\/image\\\/\",\"url\":\"https:\\\/\\\/www.nude-in-public.store\\\/wp-content\\\/uploads\\\/2018\\\/11\\\/cropped-shop_logo-1.png\",\"contentUrl\":\"https:\\\/\\\/www.nude-in-public.store\\\/wp-content\\\/uploads\\\/2018\\\/11\\\/cropped-shop_logo-1.png\",\"width\":400,\"height\":80,\"caption\":\"N-I-P Productions Inc.\"},\"image\":{\"@id\":\"https:\\\/\\\/www.nude-in-public.store\\\/de\\\/#\\\/schema\\\/logo\\\/image\\\/\"}}]}<\/script>\n<!-- \/ Yoast SEO plugin. -->","yoast_head_json":{"title":"Katja M. Serien 1-6 - Nude In Public DVD Store","robots":{"index":"index","follow":"follow","max-snippet":"max-snippet:-1","max-image-preview":"max-image-preview:large","max-video-preview":"max-video-preview:-1"},"canonical":"https:\/\/www.nude-in-public.store\/de\/produkt\/katja-m-alle-serien-1-6\/","og_locale":"de_DE","og_type":"article","og_title":"Katja M. Serien 1-6 - Nude In Public DVD Store","og_description":"Katja M. Format: NTSC oder PAL Drehort: K\u00f6ln, K\u00f6nigswinter, Bonn L\u00e4nge: 55 Minuten  W\u00e4hle die Girls selber aus, die auf Deiner DVD sein sollen ! W\u00e4hle die Girls aus, lege sie in den Warenkorb und schlie\u00dfe die Bestellung ab. Du bekommst dann die Girls Deiner Wahl auf DVD nach Hause geschickt.","og_url":"https:\/\/www.nude-in-public.store\/de\/produkt\/katja-m-alle-serien-1-6\/","og_site_name":"Nude In Public DVD Store","article_modified_time":"2016-07-14T20:10:44+00:00","og_image":[{"width":600,"height":600,"url":"https:\/\/www.nude-in-public.store\/wp-content\/uploads\/2013\/09\/284-thickbox_default-Katja-M.-alle-Serien-1-6.jpg","type":"image\/jpeg"}],"twitter_card":"summary_large_image","schema":{"@context":"https:\/\/schema.org","@graph":[{"@type":"WebPage","@id":"https:\/\/www.nude-in-public.store\/de\/produkt\/katja-m-alle-serien-1-6\/","url":"https:\/\/www.nude-in-public.store\/de\/produkt\/katja-m-alle-serien-1-6\/","name":"Katja M. Serien 1-6 - Nude In Public DVD Store","isPartOf":{"@id":"https:\/\/www.nude-in-public.store\/de\/#website"},"primaryImageOfPage":{"@id":"https:\/\/www.nude-in-public.store\/de\/produkt\/katja-m-alle-serien-1-6\/#primaryimage"},"image":{"@id":"https:\/\/www.nude-in-public.store\/de\/produkt\/katja-m-alle-serien-1-6\/#primaryimage"},"thumbnailUrl":"https:\/\/www.nude-in-public.store\/wp-content\/uploads\/2013\/09\/284-thickbox_default-Katja-M.-alle-Serien-1-6.jpg","datePublished":"2013-09-26T21:31:42+00:00","dateModified":"2016-07-14T20:10:44+00:00","breadcrumb":{"@id":"https:\/\/www.nude-in-public.store\/de\/produkt\/katja-m-alle-serien-1-6\/#breadcrumb"},"inLanguage":"de-DE","potentialAction":[{"@type":"ReadAction","target":["https:\/\/www.nude-in-public.store\/de\/produkt\/katja-m-alle-serien-1-6\/"]}]},{"@type":"ImageObject","inLanguage":"de-DE","@id":"https:\/\/www.nude-in-public.store\/de\/produkt\/katja-m-alle-serien-1-6\/#primaryimage","url":"https:\/\/www.nude-in-public.store\/wp-content\/uploads\/2013\/09\/284-thickbox_default-Katja-M.-alle-Serien-1-6.jpg","contentUrl":"https:\/\/www.nude-in-public.store\/wp-content\/uploads\/2013\/09\/284-thickbox_default-Katja-M.-alle-Serien-1-6.jpg","width":600,"height":600,"caption":"Katja M. alle Serien 1-6"},{"@type":"BreadcrumbList","@id":"https:\/\/www.nude-in-public.store\/de\/produkt\/katja-m-alle-serien-1-6\/#breadcrumb","itemListElement":[{"@type":"ListItem","position":1,"name":"Home","item":"https:\/\/www.nude-in-public.store\/de\/"},{"@type":"ListItem","position":2,"name":"Shop","item":"https:\/\/www.nude-in-public.store\/de\/shop-2\/"},{"@type":"ListItem","position":3,"name":"Katja M. Serien 1-6"}]},{"@type":"WebSite","@id":"https:\/\/www.nude-in-public.store\/de\/#website","url":"https:\/\/www.nude-in-public.store\/de\/","name":"Nude In Public DVD Store","description":"The NIP-Activity.com DVD Store","publisher":{"@id":"https:\/\/www.nude-in-public.store\/de\/#organization"},"potentialAction":[{"@type":"SearchAction","target":{"@type":"EntryPoint","urlTemplate":"https:\/\/www.nude-in-public.store\/de\/?s={search_term_string}"},"query-input":{"@type":"PropertyValueSpecification","valueRequired":true,"valueName":"search_term_string"}}],"inLanguage":"de-DE"},{"@type":"Organization","@id":"https:\/\/www.nude-in-public.store\/de\/#organization","name":"N-I-P Productions Inc.","url":"https:\/\/www.nude-in-public.store\/de\/","logo":{"@type":"ImageObject","inLanguage":"de-DE","@id":"https:\/\/www.nude-in-public.store\/de\/#\/schema\/logo\/image\/","url":"https:\/\/www.nude-in-public.store\/wp-content\/uploads\/2018\/11\/cropped-shop_logo-1.png","contentUrl":"https:\/\/www.nude-in-public.store\/wp-content\/uploads\/2018\/11\/cropped-shop_logo-1.png","width":400,"height":80,"caption":"N-I-P Productions Inc."},"image":{"@id":"https:\/\/www.nude-in-public.store\/de\/#\/schema\/logo\/image\/"}}]}},"_links":{"self":[{"href":"https:\/\/www.nude-in-public.store\/de\/wp-json\/wp\/v2\/product\/852","targetHints":{"allow":["GET"]}}],"collection":[{"href":"https:\/\/www.nude-in-public.store\/de\/wp-json\/wp\/v2\/product"}],"about":[{"href":"https:\/\/www.nude-in-public.store\/de\/wp-json\/wp\/v2\/types\/product"}],"replies":[{"embeddable":true,"href":"https:\/\/www.nude-in-public.store\/de\/wp-json\/wp\/v2\/comments?post=852"}],"wp:featuredmedia":[{"embeddable":true,"href":"https:\/\/www.nude-in-public.store\/de\/wp-json\/wp\/v2\/media\/848"}],"wp:attachment":[{"href":"https:\/\/www.nude-in-public.store\/de\/wp-json\/wp\/v2\/media?parent=852"}],"wp:term":[{"taxonomy":"product_brand","embeddable":true,"href":"https:\/\/www.nude-in-public.store\/de\/wp-json\/wp\/v2\/product_brand?post=852"},{"taxonomy":"product_cat","embeddable":true,"href":"https:\/\/www.nude-in-public.store\/de\/wp-json\/wp\/v2\/product_cat?post=852"},{"taxonomy":"product_tag","embeddable":true,"href":"https:\/\/www.nude-in-public.store\/de\/wp-json\/wp\/v2\/product_tag?post=852"}],"curies":[{"name":"wp","href":"https:\/\/api.w.org\/{rel}","templated":true}]}}