{"id":18,"date":"2016-07-04T19:23:49","date_gmt":"2016-07-04T19:23:49","guid":{"rendered":"http:\/\/www.nude-in-public.store\/index.php\/payment_methods\/"},"modified":"2016-07-05T20:28:29","modified_gmt":"2016-07-05T20:28:29","slug":"bezahl-methoden","status":"publish","type":"page","link":"https:\/\/www.nude-in-public.store\/de\/bezahl-methoden\/","title":{"rendered":"Bezahl Methoden"},"content":{"rendered":"<h2>Einfache und sichere Bezahlmethoden<\/h2>\n<p>&nbsp;<\/p>\n<h3>Kreditkartenbezahlung:<\/h3>\n<p>Wir akzeptieren folgende Kreditkarten: Master- und Visa-Card.<br \/>\nDie Belastung Ihres Kreditkartenkontos erfolgt mit Abschluss der Bestellung.<br \/>\nDie Sicherheit Ihrer pers\u00f6nlichen Daten ist uns sehr Wichtig! Deshalb ist die komplette Daten\u00fcbertragung SSL verschl\u00fcsselt. Mit diesem Verfahren werden Ihre Daten wie Name, Anschrift, Kreditkartennummer usw. verschl\u00fcsselt und sicher im Internet \u00fcbertragen. W\u00e4hrend der \u00dcbertragung k\u00f6nnen Unbefugte Ihre Informationen NICHT lesen!<\/p>\n<p>&nbsp;<\/p>\n<h3>Vorauskasse\/ \u00dcberweisung:<\/h3>\n<p>Nach dem Sie ihre Bestellung mit dem Button &#8220;Bestellung absenden&#8221; abgeschlossen haben, erhalten Sie von uns eine Bestellbest\u00e4tiung per E-Mail.<br \/>\n\u00dcberweisen Sie den Rechnungsbetrag bitte innerhalb von 10 Tagen an das in der Bestellbest\u00e4tigung angegebene Konto und geben Sie Ihre Bestellnummer als Referenz an.<\/p>\n<p>In folgenenden L\u00e4ndern k\u00f6nnen Sie per \u00dcberweisung zahlen:<\/p>\n<p>Austria<br \/>\nBelgium<br \/>\nDenmark<br \/>\nFinland<br \/>\nFrance<br \/>\nGermany<br \/>\nIceland<br \/>\nIreland<br \/>\nItaly<br \/>\nLuxembourg<br \/>\nNetherlands<br \/>\nNorway<br \/>\nSpain<br \/>\nSweden<br \/>\nSwitzerland<\/p>\n<p>&nbsp;<\/p>\n<h3>Nachnahme:<\/h3>\n<p>Die Bezahlung per Nachnahme ist f\u00fcr Sie sicher und bequem. Sie bezahlen den Rechnungsbetrag in bar an den Postzusteller, der Ihnen Ihre Bestellung \u00fcberbringt.<br \/>\nDa wir alle Nachnahmesendungen per Deutsche Post AG ausliefern, k\u00f6nnen Sie Ihre Sendung auch bei dem zust\u00e4ndigen Postamt in Ihrer N\u00e4he abholen, falls einmal niemand bei Ihnen zu Hause sein sollte. Wenn der Postbote die Sendung nicht zustellen konnte, finden Sie eine Benachrichtigung in Ihrem Briefkasten.<\/p>\n","protected":false},"excerpt":{"rendered":"<p>Einfache und sichere Bezahlmethoden &nbsp; Kreditkartenbezahlung: Wir akzeptieren folgende Kreditkarten: Master- und Visa-Card. Die Belastung Ihres Kreditkartenkontos erfolgt mit Abschluss der Bestellung. Die Sicherheit Ihrer pers\u00f6nlichen Daten ist uns sehr Wichtig! Deshalb ist die komplette Daten\u00fcbertragung SSL verschl\u00fcsselt. Mit diesem Verfahren werden Ihre Daten wie Name, Anschrift, Kreditkartennummer usw. verschl\u00fcsselt und sicher im Internet \u00fcbertragen. [&hellip;]<\/p>\n","protected":false},"author":1,"featured_media":0,"parent":0,"menu_order":0,"comment_status":"closed","ping_status":"closed","template":"","meta":{"footnotes":""},"class_list":["post-18","page","type-page","status-publish","hentry"],"yoast_head":"<!-- This site is optimized with the Yoast SEO plugin v27.5 - https:\/\/yoast.com\/product\/yoast-seo-wordpress\/ -->\n<title>Bezahl Methoden - Nude In Public DVD Store<\/title>\n<meta name=\"robots\" content=\"index, follow, max-snippet:-1, max-image-preview:large, max-video-preview:-1\" \/>\n<link rel=\"canonical\" href=\"https:\/\/www.nude-in-public.store\/de\/bezahl-methoden\/\" \/>\n<meta property=\"og:locale\" content=\"de_DE\" \/>\n<meta property=\"og:type\" content=\"article\" \/>\n<meta property=\"og:title\" content=\"Bezahl Methoden - Nude In Public DVD Store\" \/>\n<meta property=\"og:description\" content=\"Einfache und sichere Bezahlmethoden &nbsp; Kreditkartenbezahlung: Wir akzeptieren folgende Kreditkarten: Master- und Visa-Card. Die Belastung Ihres Kreditkartenkontos erfolgt mit Abschluss der Bestellung. Die Sicherheit Ihrer pers\u00f6nlichen Daten ist uns sehr Wichtig! Deshalb ist die komplette Daten\u00fcbertragung SSL verschl\u00fcsselt. Mit diesem Verfahren werden Ihre Daten wie Name, Anschrift, Kreditkartennummer usw. verschl\u00fcsselt und sicher im Internet \u00fcbertragen. [&hellip;]\" \/>\n<meta property=\"og:url\" content=\"https:\/\/www.nude-in-public.store\/de\/bezahl-methoden\/\" \/>\n<meta property=\"og:site_name\" content=\"Nude In Public DVD Store\" \/>\n<meta property=\"article:modified_time\" content=\"2016-07-05T20:28:29+00:00\" \/>\n<meta name=\"twitter:card\" content=\"summary_large_image\" \/>\n<meta name=\"twitter:label1\" content=\"Est. reading time\" \/>\n\t<meta name=\"twitter:data1\" content=\"1 minute\" \/>\n<script type=\"application\/ld+json\" class=\"yoast-schema-graph\">{\"@context\":\"https:\\\/\\\/schema.org\",\"@graph\":[{\"@type\":\"WebPage\",\"@id\":\"https:\\\/\\\/www.nude-in-public.store\\\/de\\\/bezahl-methoden\\\/\",\"url\":\"https:\\\/\\\/www.nude-in-public.store\\\/de\\\/bezahl-methoden\\\/\",\"name\":\"Bezahl Methoden - Nude In Public DVD Store\",\"isPartOf\":{\"@id\":\"https:\\\/\\\/www.nude-in-public.store\\\/de\\\/#website\"},\"datePublished\":\"2016-07-04T19:23:49+00:00\",\"dateModified\":\"2016-07-05T20:28:29+00:00\",\"breadcrumb\":{\"@id\":\"https:\\\/\\\/www.nude-in-public.store\\\/de\\\/bezahl-methoden\\\/#breadcrumb\"},\"inLanguage\":\"de-DE\",\"potentialAction\":[{\"@type\":\"ReadAction\",\"target\":[\"https:\\\/\\\/www.nude-in-public.store\\\/de\\\/bezahl-methoden\\\/\"]}]},{\"@type\":\"BreadcrumbList\",\"@id\":\"https:\\\/\\\/www.nude-in-public.store\\\/de\\\/bezahl-methoden\\\/#breadcrumb\",\"itemListElement\":[{\"@type\":\"ListItem\",\"position\":1,\"name\":\"Home\",\"item\":\"https:\\\/\\\/www.nude-in-public.store\\\/de\\\/\"},{\"@type\":\"ListItem\",\"position\":2,\"name\":\"Bezahl Methoden\"}]},{\"@type\":\"WebSite\",\"@id\":\"https:\\\/\\\/www.nude-in-public.store\\\/de\\\/#website\",\"url\":\"https:\\\/\\\/www.nude-in-public.store\\\/de\\\/\",\"name\":\"Nude In Public DVD Store\",\"description\":\"The NIP-Activity.com DVD Store\",\"publisher\":{\"@id\":\"https:\\\/\\\/www.nude-in-public.store\\\/de\\\/#organization\"},\"potentialAction\":[{\"@type\":\"SearchAction\",\"target\":{\"@type\":\"EntryPoint\",\"urlTemplate\":\"https:\\\/\\\/www.nude-in-public.store\\\/de\\\/?s={search_term_string}\"},\"query-input\":{\"@type\":\"PropertyValueSpecification\",\"valueRequired\":true,\"valueName\":\"search_term_string\"}}],\"inLanguage\":\"de-DE\"},{\"@type\":\"Organization\",\"@id\":\"https:\\\/\\\/www.nude-in-public.store\\\/de\\\/#organization\",\"name\":\"N-I-P Productions Inc.\",\"url\":\"https:\\\/\\\/www.nude-in-public.store\\\/de\\\/\",\"logo\":{\"@type\":\"ImageObject\",\"inLanguage\":\"de-DE\",\"@id\":\"https:\\\/\\\/www.nude-in-public.store\\\/de\\\/#\\\/schema\\\/logo\\\/image\\\/\",\"url\":\"https:\\\/\\\/www.nude-in-public.store\\\/wp-content\\\/uploads\\\/2018\\\/11\\\/cropped-shop_logo-1.png\",\"contentUrl\":\"https:\\\/\\\/www.nude-in-public.store\\\/wp-content\\\/uploads\\\/2018\\\/11\\\/cropped-shop_logo-1.png\",\"width\":400,\"height\":80,\"caption\":\"N-I-P Productions Inc.\"},\"image\":{\"@id\":\"https:\\\/\\\/www.nude-in-public.store\\\/de\\\/#\\\/schema\\\/logo\\\/image\\\/\"}}]}<\/script>\n<!-- \/ Yoast SEO plugin. -->","yoast_head_json":{"title":"Bezahl Methoden - Nude In Public DVD Store","robots":{"index":"index","follow":"follow","max-snippet":"max-snippet:-1","max-image-preview":"max-image-preview:large","max-video-preview":"max-video-preview:-1"},"canonical":"https:\/\/www.nude-in-public.store\/de\/bezahl-methoden\/","og_locale":"de_DE","og_type":"article","og_title":"Bezahl Methoden - Nude In Public DVD Store","og_description":"Einfache und sichere Bezahlmethoden &nbsp; Kreditkartenbezahlung: Wir akzeptieren folgende Kreditkarten: Master- und Visa-Card. Die Belastung Ihres Kreditkartenkontos erfolgt mit Abschluss der Bestellung. Die Sicherheit Ihrer pers\u00f6nlichen Daten ist uns sehr Wichtig! Deshalb ist die komplette Daten\u00fcbertragung SSL verschl\u00fcsselt. Mit diesem Verfahren werden Ihre Daten wie Name, Anschrift, Kreditkartennummer usw. verschl\u00fcsselt und sicher im Internet \u00fcbertragen. [&hellip;]","og_url":"https:\/\/www.nude-in-public.store\/de\/bezahl-methoden\/","og_site_name":"Nude In Public DVD Store","article_modified_time":"2016-07-05T20:28:29+00:00","twitter_card":"summary_large_image","twitter_misc":{"Est. reading time":"1 minute"},"schema":{"@context":"https:\/\/schema.org","@graph":[{"@type":"WebPage","@id":"https:\/\/www.nude-in-public.store\/de\/bezahl-methoden\/","url":"https:\/\/www.nude-in-public.store\/de\/bezahl-methoden\/","name":"Bezahl Methoden - Nude In Public DVD Store","isPartOf":{"@id":"https:\/\/www.nude-in-public.store\/de\/#website"},"datePublished":"2016-07-04T19:23:49+00:00","dateModified":"2016-07-05T20:28:29+00:00","breadcrumb":{"@id":"https:\/\/www.nude-in-public.store\/de\/bezahl-methoden\/#breadcrumb"},"inLanguage":"de-DE","potentialAction":[{"@type":"ReadAction","target":["https:\/\/www.nude-in-public.store\/de\/bezahl-methoden\/"]}]},{"@type":"BreadcrumbList","@id":"https:\/\/www.nude-in-public.store\/de\/bezahl-methoden\/#breadcrumb","itemListElement":[{"@type":"ListItem","position":1,"name":"Home","item":"https:\/\/www.nude-in-public.store\/de\/"},{"@type":"ListItem","position":2,"name":"Bezahl Methoden"}]},{"@type":"WebSite","@id":"https:\/\/www.nude-in-public.store\/de\/#website","url":"https:\/\/www.nude-in-public.store\/de\/","name":"Nude In Public DVD Store","description":"The NIP-Activity.com DVD Store","publisher":{"@id":"https:\/\/www.nude-in-public.store\/de\/#organization"},"potentialAction":[{"@type":"SearchAction","target":{"@type":"EntryPoint","urlTemplate":"https:\/\/www.nude-in-public.store\/de\/?s={search_term_string}"},"query-input":{"@type":"PropertyValueSpecification","valueRequired":true,"valueName":"search_term_string"}}],"inLanguage":"de-DE"},{"@type":"Organization","@id":"https:\/\/www.nude-in-public.store\/de\/#organization","name":"N-I-P Productions Inc.","url":"https:\/\/www.nude-in-public.store\/de\/","logo":{"@type":"ImageObject","inLanguage":"de-DE","@id":"https:\/\/www.nude-in-public.store\/de\/#\/schema\/logo\/image\/","url":"https:\/\/www.nude-in-public.store\/wp-content\/uploads\/2018\/11\/cropped-shop_logo-1.png","contentUrl":"https:\/\/www.nude-in-public.store\/wp-content\/uploads\/2018\/11\/cropped-shop_logo-1.png","width":400,"height":80,"caption":"N-I-P Productions Inc."},"image":{"@id":"https:\/\/www.nude-in-public.store\/de\/#\/schema\/logo\/image\/"}}]}},"_links":{"self":[{"href":"https:\/\/www.nude-in-public.store\/de\/wp-json\/wp\/v2\/pages\/18","targetHints":{"allow":["GET"]}}],"collection":[{"href":"https:\/\/www.nude-in-public.store\/de\/wp-json\/wp\/v2\/pages"}],"about":[{"href":"https:\/\/www.nude-in-public.store\/de\/wp-json\/wp\/v2\/types\/page"}],"author":[{"embeddable":true,"href":"https:\/\/www.nude-in-public.store\/de\/wp-json\/wp\/v2\/users\/1"}],"replies":[{"embeddable":true,"href":"https:\/\/www.nude-in-public.store\/de\/wp-json\/wp\/v2\/comments?post=18"}],"version-history":[{"count":0,"href":"https:\/\/www.nude-in-public.store\/de\/wp-json\/wp\/v2\/pages\/18\/revisions"}],"wp:attachment":[{"href":"https:\/\/www.nude-in-public.store\/de\/wp-json\/wp\/v2\/media?parent=18"}],"curies":[{"name":"wp","href":"https:\/\/api.w.org\/{rel}","templated":true}]}}