{"id":1452,"date":"2016-07-04T19:23:49","date_gmt":"2016-07-04T19:23:49","guid":{"rendered":"http:\/\/www.nude-in-public.store\/de\/?page_id=1452"},"modified":"2016-07-09T21:06:50","modified_gmt":"2016-07-09T21:06:50","slug":"agb","status":"publish","type":"page","link":"https:\/\/www.nude-in-public.store\/de\/agb\/","title":{"rendered":"Allgemeine Gesch\u00e4ftsbedingungen"},"content":{"rendered":"<p>Allgemeine Gesch\u00e4ftsbedingungen f\u00fcr Nude-In-Public DVD Store<br \/>\nder Firma Stoppe Becker GbR<\/p>\n<p>Die nachfolgenden Gesch\u00e4ftsbedingungen sind in deutscher Sprache verfasst und k\u00f6nnen von dem Kunden in seinen Arbeitsspeicher geladen werden. Auf Wunsch k\u00f6nnen sie unter der E-Mail-Adresse support@nude-in-public-store.com in digitaler oder schriftlicher Form angefordert werden. Sie werden dem Kunden zus\u00e4tzlich bei jeder Warenlieferung ausgeh\u00e4ndigt. Die ladungsf\u00e4hige Anschrift von Stoppe Becker GbR sowie der Vertretungsberechtigte von Stoppe Becker GbR k\u00f6nnen insbesondere der Rechnung entnommen werden.<\/p>\n<p>Pr\u00e4ambel<\/p>\n<p>Die Stoppe Becker GbR betreibt zu gewerblichen Zwecken unter der Domain http:\/\/nude-in-public-store.com eine Homepage. Stoppe Becker GbR bietet Kunden auf diesen Websites Produkte, haupts\u00e4chlich digitale Medien zum Kauf \u00fcber das Internet an.<\/p>\n<p>\u00a7 1 Produktauswahl<br \/>\n(1) Der Kunde hat die M\u00f6glichkeit, auf der oben genannten Website Produkte auszuw\u00e4hlen und zu bestellen.<\/p>\n<p>(2) Hinsichtlich jedes Produkts erh\u00e4lt der Kunde eine gesonderte Produktbeschreibung auf der jeweiligen Website. Diese Produktbeschreibung erh\u00e4lt der Kunde zus\u00e4tzlich in gedruckter Form, wenn ihm die bestellte Ware ausgeliefert wird.<\/p>\n<p>(3) Der Kunde kann die von ihm gew\u00fcnschten Produkte auf der Website anklicken. Diese werden in einem virtuellen Warenkorb gesammelt und der Kunde erh\u00e4lt zum Ende seines Einkaufs eine Zusammenstellung der Produkte zum Gesamtendpreis inklusive Mehrwertsteuer.<\/p>\n<p>(4) Vor Versendung der Bestellung erm\u00f6glicht Stoppe Becker GbR dem Kunden, die Bestellung auf ihre inhaltliche Richtigkeit, insbesondere auf Preis und Menge, zu \u00fcberpr\u00fcfen und gegebenenfalls zu korrigieren.<\/p>\n<p>\u00a7 2 R\u00fcckgabebelehrung<br \/>\nR\u00fcckgaberecht<\/p>\n<p>Sie k\u00f6nnen die erhaltene Ware ohne Angabe von Gr\u00fcnden innerhalb von 14 Tagen durch R\u00fcck- sendung der Ware zur\u00fcckgeben. Die Frist beginnt nach Erhalt dieser Belehrung in Textform (z. B. als Brief, Fax, E-Mail), jedoch nicht vor Eingang der Ware. Es werden nur Originalverpackte und versiegelte DVDs bzw. CDs zur\u00fcckgenommen. Nur bei nicht paketversandf\u00e4higer Ware (z.B. bei sperrigen G\u00fctern) kann der Kunde die R\u00fcckgabe auch durch R\u00fccknahmeverlangen in Textform, also z.B. per Brief oder E-Mail erkl\u00e4ren. Zur Wahrung der Frist gen\u00fcgt die rechtzeitige Absendung der Ware oder des R\u00fccknahme- verlangens. In jedem Fall erfolgt die R\u00fccksendung auf unsere Kosten und Gefahr. Die R\u00fccksendung erfolg per versichertes Paket\/ Einschreiben. Der Betrag wird von uns anschlie\u00dfend erstattet. Die R\u00fccksendung oder das R\u00fccknahmeverlangen hat zu erfolgen an:<\/p>\n<p>Name\/Firma: Stoppe Becker GbR<\/p>\n<p>Anschrift: Fischerweg 37, 56235 Ransbach-Baumbach<\/p>\n<p>E-Mail-Adresse: support@nude-in-public.store<br \/>\n(Internetadresse:) http:\/\/nude-in-public.store<\/p>\n<p>R\u00fcckgabefolgen<br \/>\nIm Falle einer wirksamen R\u00fcckgabe sind die beiderseits empfangenen Leistungen zur\u00fcckzugew\u00e4hren und ggf. gezogene Nutzungen (z.B. Gebrauchsvorteile) herauszugeben. Bei einer Verschlechterung der Ware kann Wertersatz verlangt werden.Dies gilt nicht, wenn die Verschlechterung der Ware ausschlie\u00dflich auf deren Pr\u00fcfung\u00a0 wie sie dem Kunden etwa im Ladengesch\u00e4ft m\u00f6glich gewesen w\u00e4re\u00a0 zur\u00fcckzuf\u00fchren ist. Im \u00dcbrigen kann der Kunde die Wertersatzpflicht vermeiden, indem er die Ware nicht wie ein Eigent\u00fcmer in Gebrauch nimmt und alles unterl\u00e4sst, was deren Wert beeintr\u00e4chtigt. Verpflichtungen zur Erstattung von Zahlungen m\u00fcssen innerhalb von 30 Tagen erf\u00fcllt werden. Die Frist beginnt f\u00fcr Sie mit der Absendung der Ware oder des R\u00fccknahmeverlangens, f\u00fcr uns mit dem Empfang.<\/p>\n<p>\u00a7 2 Widerrufsbelehrung<br \/>\nWiderrufsrecht<\/p>\n<p>Sie k\u00f6nnen Ihre Vertragserkl\u00e4rung innerhalb von 14 Tagen ohne Angabe von Gr\u00fcnden in Textform (z. B. Brief, Fax, E-Mail) oder- wenn Ihnen die Sache vor Fristablauf \u00fcberlassen wird &#8211; durch R\u00fcck- sendung der Sache widerrufen. Die Frist beginnt nach Erhalt dieser Belehrung in Textform. Zur Wahrung der Widerrufsfrist gen\u00fcgt die rechtzeitige Absendung des Widerrufs oder der Sache.<\/p>\n<p>Der Widerruf ist zu richten an::<\/p>\n<p>Name\/Firma: Stoppe Becker GbR<\/p>\n<p>Anschrift: Fischerweg 37, 56235 Ransbach-Baumbach<\/p>\n<p>E-Mail-Adresse: support@nude-in-public.store<br \/>\n(Internetadresse:) http:\/\/nude-in-public.store<\/p>\n<p>Widerrufsfolgen<br \/>\nIm Falle eines wirksamen Widerrufs sind die beiderseits empfangenen Leistungen zur\u00fcckzugew\u00e4hren und ggf. gezogene Nutzungen (z.B. Zinsen) herauszugeben. Kann der Kunde Stoppe Becker GbR die empfangene Leistung ganz oder teilweise nicht oder nur in verschlechtertem Zustand zur\u00fcckgew\u00e4hren, muss er Stoppe Becker GbR insoweit ggf. Wertersatz leisten. Es werden nur Originalverpackte und versiegelte DVDs bzw. CDs zur\u00fcckgenommen. Bei der \u00dcberlassung von Sachen gilt dies nicht, wenn die Verschlechterung der Sache ausschlie\u00dflich auf deren Pr\u00fcfung\u00a0 wie sie dem Kunden etwa im Ladengesch\u00e4ft m\u00f6glich gewesen w\u00e4re\u00a0 zur\u00fcckzuf\u00fchren ist. Im \u00dcbrigen kann der Kunde die Wertersatzpflicht vermeiden, indem er die Sache nicht wie ein Eigent\u00fcmer in Gebrauch nimmt und alles unterl\u00e4sst, was deren Wert beeintr\u00e4chtigt. Paketversandf\u00e4hige Sachen sind auf unsere Kosten und Gefahr zur\u00fcckzusenden. Bei einer R\u00fccksendung aus einer Warenlieferung, deren Bestellwert insgesamt bis zu 40 EUR betr\u00e4gt, hat der Kunde die Kosten der R\u00fccksendung zu tragen, wenn die gelieferte Ware der bestellten entspricht. Anderenfalls ist die R\u00fccksendung f\u00fcr den Kunden kostenfrei. Die R\u00fccksendung erfolg per versichertes Paket\/ Einschreiben. Der Betrag wird von uns anschlie\u00dfend erstattet.<\/p>\n<p>Verpflichtungen zur Erstattung von Zahlungen m\u00fcssen innerhalb von 30 Tagen erf\u00fcllt werden. Die Frist beginnt f\u00fcr Sie mit der Absendung Ihrer Widerrufserkl\u00e4rung oder der Sache, f\u00fcr uns mit deren Empfang.<\/p>\n<p>Besondere Hinweise<br \/>\nDas Widerrufsrecht des Kunden erlischt vorzeitig, wenn der Vertragspartner des Kunden mit der Ausf\u00fchrung der Dienstleistung mit ausdr\u00fccklicher Zustimmung des Kunden vor Ende der Widerrufsfrist begonnen hat oder der Kunde diese selbst veranlasst hat (z.B. durch Download etc.).<\/p>\n<p>\u00a7 3 Preise<br \/>\n(1) Es gelten die Listenpreise im Zeitpunkt der Bestellung, wie sie auf den Internetseiten dargestellt wurden.<\/p>\n<p>(2) Die Preise verstehen sich ab Betriebssitz der Stoppe Becker GbR inklusive Mehrwertsteuer ohne Kosten f\u00fcr Verpackung und Versand.<\/p>\n<p>\u00a7 4 Vertragsschluss<br \/>\n(1) Die Angebote von Stoppe Becker GbR auf der Website sind freibleibend. Damit ist Stoppe Becker GbR im Falle der Nichtverf\u00fcgbarkeit nicht zur Leistung verpflichtet. Ein Vertragsabschluss und damit eine vertragliche Bindung \u00fcber die einzelnen Leistungen kommt jedoch dann zustande, sofern Stoppe Becker GbR die Bestellung des Kunden in Textform best\u00e4tigt hat.<\/p>\n<p>(2) Stoppe Becker GbR ist berechtigt, eine in Qualit\u00e4t und Preis gleichwertige Ware zu liefern, wenn die bestellte Ware nicht verf\u00fcgbar ist und der Kunde seine Zustimmung zu diesem Verfahren im Bestellformular erkl\u00e4rt hat.<\/p>\n<p>\u00a7 5 Durchf\u00fchrung des Vertrags<br \/>\nBearbeitung von Bestellungen<\/p>\n<p>Stoppe Becker GbR wird Bestellungen innerhalb von 24 Stunden bearbeiten und dem Kunden mitteilen, ob die gew\u00fcnschten Produkte verf\u00fcgbar sind.<\/p>\n<p>Auslieferung<br \/>\nSoweit die bestellten Produkte verf\u00fcgbar sind, wird Stoppe Becker GbR diese innerhalb von 1-2 Werktagen nach Eingang der Bestellung ausliefern.<\/p>\n<p>Versandkosten<br \/>\nDie Versandkosten im Inland betragen 3,50 Euro pro Bestellung. Bei Versendungen ins Ausland werden Versandkosten in H\u00f6he der entstehenden Kosten berechnet. Bei Versand per Nachnahme wird zus\u00e4tzlich eine Geb\u00fchr von 2,90 Euro erhoben. Der Versand per Nachnahme ist nur in Deutschland m\u00f6glich.<\/p>\n<p>\u00c4nderungen, Erweiterungen, Begrenzungen der Bestellung<br \/>\nStoppe Becker GbR wird Anfragen des Kunden im Zusammenhang mit bereits get\u00e4tigten Bestellungen bez\u00fcglich \u00c4nderungen, Erweiterungen und\/oder Begrenzungen des Produktumfangs kurzfristig beantworten. Soweit der Kunde bis zu 5 Werktage vor der geplanten Lieferung eine Produkt\u00e4nderung, -erweiterung und\/oder -begrenzung w\u00fcnscht, wird Stoppe Becker GbR dies, soweit m\u00f6glich, ber\u00fccksichtigen.<\/p>\n<p>\u00a7 6 Service Hotline<br \/>\nStoppe Becker GbR stellt f\u00fcr Fragen des Kunden im Zusammenhang mit den Produkten eine Hotline zur Verf\u00fcgung. Diese Hotline steht dem Kunden f\u00fcnf Tage die Woche (Montag bis Freitag), zu den \u00fcblichen Gesch\u00e4ftszeiten (8.00 Uhr\u00a0 18.00 Uhr) zur Verf\u00fcgung. Hierauf wird Stoppe Becker GbR den Kunden auf der Rechnung nochmals gesondert aufmerksam machen.<\/p>\n<p>\u00a7 7 Zahlungsbedingungen<br \/>\n(1) Stoppe Becker GbR stellt dem Kunden f\u00fcr die bestellte Ware eine Rechnung aus, die ihm bei Lieferung der Ware ausgeh\u00e4ndigt wird. Stoppe Becker GbR liefert gegen Vorkasse oder Nachnahme. Vorauszahlungen oder Auftr\u00e4ge zur Abbuchung von Kreditkarten werden bei der Rechnungsstellung ber\u00fccksichtigt.<\/p>\n<p>(2) Preise auf der Rechnung sind stets Endkundenpreise inklusive Mehrwertsteuer.<\/p>\n<p>(3) Bei Zahlungsverzug ist der Kunde, der Verbraucher ist, verpflichtet, Verzugszinsen in H\u00f6he von 5 % \u00fcber dem Basiszinssatz an Stoppe Becker GbR zu bezahlen, es sei denn, dass Stoppe Becker GbR einen h\u00f6heren Zinssatz nachweisen kann. Bei Kunden, die Unternehmer sind, gilt Satz 1 mit der Ma\u00dfgabe, dass der Verzugszinssatz 8 % \u00fcber dem Basiszinssatz betr\u00e4gt.<\/p>\n<p>\u00a7 8 Gew\u00e4hrleistung und Haftung<br \/>\n(1) M\u00e4ngel bez\u00fcglich des Produkts wird der Kunde Stoppe Becker GbR mitteilen und zus\u00e4tzlich das Produkt auf Kosten von Stoppe Becker GbR \u00fcbersenden. Die Gew\u00e4hrleistung des Anbieters richtet sich nach \u00a7\u00a7 433 ff. BGB. Im unternehmerischen Gesch\u00e4ftsverkehr ist die Gew\u00e4hrleistung auf ein Jahr begrenzt und Stoppe Becker GbR ist berechtigt, das Produkt nach ihrer Wahl zu reparieren oder kostenfreien Ersatz zu stellen.<\/p>\n<p>(2) Stoppe Becker GbR haftet in voller Schadensh\u00f6he bei grobem Verschulden ihrer Organe und leitenden Angestellten, dem Grunde nach bei jeder schuldhaften Verletzung wesentlicher Vertragspflichten, au\u00dferhalb solcher Pflichten dem Grunde nach auch f\u00fcr grobes Verschulden einfacher Erf\u00fcllungsgehilfen, es sei denn, Stoppe Becker GbR kann sich kraft Handelsbrauch davon freizeichnen, der H\u00f6he nach in den letzten beiden Fallgruppen auf Ersatz des typischen vorhersehbaren Schadens. Ein Mitverschulden des Kunden ist diesem anzurechnen. Die Haftung wegen Vorsatz, Garantie, Arglist und f\u00fcr Personensch\u00e4den sowie nach dem Produkthaftungsgesetz bleibt hiervon unber\u00fchrt.<\/p>\n<p>\u00a7 9 H\u00f6here Gewalt<br \/>\n(1) F\u00fcr den Fall, dass Stoppe Becker GbR die geschuldete Leistung aufgrund h\u00f6herer Gewalt (insbesondere Krieg, Naturkatastrophen) nicht erbringen kann, ist sie f\u00fcr die Dauer der Hinderung von ihren Leistungspflichten befreit.<\/p>\n<p>(2) Ist Stoppe Becker GbR die Ausf\u00fchrung der Bestellung bzw. Lieferung der Ware l\u00e4nger als einen Monat aufgrund h\u00f6herer Gewalt unm\u00f6glich, so ist der Kunde zum R\u00fccktritt vom Vertrag berechtigt.<\/p>\n<p>\u00a7 10 Datenschutz<br \/>\nStoppe Becker GbR wird s\u00e4mtliche datenschutzrechtliche Erfordernisse, insbesondere die Vorgaben des Teledienstedatenschutzgesetzes, beachten.<\/p>\n<p>\u00a7 11 Schlussbestimmungen<br \/>\n(1) Vertragssprache ist Deutsch.<\/p>\n<p>(2) Sollte eine Bestimmung dieser Bedingungen nichtig sein oder werden, so bleiben die Bedingungen im \u00dcbrigen wirksam. Stoppe Becker GbR und der Kunde werden die nichtige Bestimmung durch eine solche wirksame ersetzen, die dem Willen der Vertragspartner wirtschaftlich am n\u00e4chsten kommt.<\/p>\n<p>Versionsnummer der AGB: 001 Stand: 11.06.2010<\/p>\n","protected":false},"excerpt":{"rendered":"<p>Allgemeine Gesch\u00e4ftsbedingungen f\u00fcr Nude-In-Public DVD Store der Firma Stoppe Becker GbR Die nachfolgenden Gesch\u00e4ftsbedingungen sind in deutscher Sprache verfasst und k\u00f6nnen von dem Kunden in seinen Arbeitsspeicher geladen werden. Auf Wunsch k\u00f6nnen sie unter der E-Mail-Adresse support@nude-in-public-store.com in digitaler oder schriftlicher Form angefordert werden. Sie werden dem Kunden zus\u00e4tzlich bei jeder Warenlieferung ausgeh\u00e4ndigt. Die ladungsf\u00e4hige [&hellip;]<\/p>\n","protected":false},"author":1,"featured_media":0,"parent":0,"menu_order":0,"comment_status":"closed","ping_status":"closed","template":"","meta":{"footnotes":""},"class_list":["post-1452","page","type-page","status-publish","hentry"],"yoast_head":"<!-- This site is optimized with the Yoast SEO plugin v27.5 - https:\/\/yoast.com\/product\/yoast-seo-wordpress\/ -->\n<title>Allgemeine Gesch\u00e4ftsbedingungen - Nude In Public DVD Store<\/title>\n<meta name=\"robots\" content=\"index, follow, max-snippet:-1, max-image-preview:large, max-video-preview:-1\" \/>\n<link rel=\"canonical\" href=\"https:\/\/www.nude-in-public.store\/de\/agb\/\" \/>\n<meta property=\"og:locale\" content=\"de_DE\" \/>\n<meta property=\"og:type\" content=\"article\" \/>\n<meta property=\"og:title\" content=\"Allgemeine Gesch\u00e4ftsbedingungen - Nude In Public DVD Store\" \/>\n<meta property=\"og:description\" content=\"Allgemeine Gesch\u00e4ftsbedingungen f\u00fcr Nude-In-Public DVD Store der Firma Stoppe Becker GbR Die nachfolgenden Gesch\u00e4ftsbedingungen sind in deutscher Sprache verfasst und k\u00f6nnen von dem Kunden in seinen Arbeitsspeicher geladen werden. Auf Wunsch k\u00f6nnen sie unter der E-Mail-Adresse support@nude-in-public-store.com in digitaler oder schriftlicher Form angefordert werden. Sie werden dem Kunden zus\u00e4tzlich bei jeder Warenlieferung ausgeh\u00e4ndigt. Die ladungsf\u00e4hige [&hellip;]\" \/>\n<meta property=\"og:url\" content=\"https:\/\/www.nude-in-public.store\/de\/agb\/\" \/>\n<meta property=\"og:site_name\" content=\"Nude In Public DVD Store\" \/>\n<meta property=\"article:modified_time\" content=\"2016-07-09T21:06:50+00:00\" \/>\n<meta name=\"twitter:card\" content=\"summary_large_image\" \/>\n<meta name=\"twitter:label1\" content=\"Est. reading time\" \/>\n\t<meta name=\"twitter:data1\" content=\"8 minutes\" \/>\n<script type=\"application\/ld+json\" class=\"yoast-schema-graph\">{\"@context\":\"https:\\\/\\\/schema.org\",\"@graph\":[{\"@type\":\"WebPage\",\"@id\":\"https:\\\/\\\/www.nude-in-public.store\\\/de\\\/agb\\\/\",\"url\":\"https:\\\/\\\/www.nude-in-public.store\\\/de\\\/agb\\\/\",\"name\":\"Allgemeine Gesch\u00e4ftsbedingungen - Nude In Public DVD Store\",\"isPartOf\":{\"@id\":\"https:\\\/\\\/www.nude-in-public.store\\\/de\\\/#website\"},\"datePublished\":\"2016-07-04T19:23:49+00:00\",\"dateModified\":\"2016-07-09T21:06:50+00:00\",\"breadcrumb\":{\"@id\":\"https:\\\/\\\/www.nude-in-public.store\\\/de\\\/agb\\\/#breadcrumb\"},\"inLanguage\":\"de-DE\",\"potentialAction\":[{\"@type\":\"ReadAction\",\"target\":[\"https:\\\/\\\/www.nude-in-public.store\\\/de\\\/agb\\\/\"]}]},{\"@type\":\"BreadcrumbList\",\"@id\":\"https:\\\/\\\/www.nude-in-public.store\\\/de\\\/agb\\\/#breadcrumb\",\"itemListElement\":[{\"@type\":\"ListItem\",\"position\":1,\"name\":\"Home\",\"item\":\"https:\\\/\\\/www.nude-in-public.store\\\/de\\\/\"},{\"@type\":\"ListItem\",\"position\":2,\"name\":\"Allgemeine Gesch\u00e4ftsbedingungen\"}]},{\"@type\":\"WebSite\",\"@id\":\"https:\\\/\\\/www.nude-in-public.store\\\/de\\\/#website\",\"url\":\"https:\\\/\\\/www.nude-in-public.store\\\/de\\\/\",\"name\":\"Nude In Public DVD Store\",\"description\":\"The NIP-Activity.com DVD Store\",\"publisher\":{\"@id\":\"https:\\\/\\\/www.nude-in-public.store\\\/de\\\/#organization\"},\"potentialAction\":[{\"@type\":\"SearchAction\",\"target\":{\"@type\":\"EntryPoint\",\"urlTemplate\":\"https:\\\/\\\/www.nude-in-public.store\\\/de\\\/?s={search_term_string}\"},\"query-input\":{\"@type\":\"PropertyValueSpecification\",\"valueRequired\":true,\"valueName\":\"search_term_string\"}}],\"inLanguage\":\"de-DE\"},{\"@type\":\"Organization\",\"@id\":\"https:\\\/\\\/www.nude-in-public.store\\\/de\\\/#organization\",\"name\":\"N-I-P Productions Inc.\",\"url\":\"https:\\\/\\\/www.nude-in-public.store\\\/de\\\/\",\"logo\":{\"@type\":\"ImageObject\",\"inLanguage\":\"de-DE\",\"@id\":\"https:\\\/\\\/www.nude-in-public.store\\\/de\\\/#\\\/schema\\\/logo\\\/image\\\/\",\"url\":\"https:\\\/\\\/www.nude-in-public.store\\\/wp-content\\\/uploads\\\/2018\\\/11\\\/cropped-shop_logo-1.png\",\"contentUrl\":\"https:\\\/\\\/www.nude-in-public.store\\\/wp-content\\\/uploads\\\/2018\\\/11\\\/cropped-shop_logo-1.png\",\"width\":400,\"height\":80,\"caption\":\"N-I-P Productions Inc.\"},\"image\":{\"@id\":\"https:\\\/\\\/www.nude-in-public.store\\\/de\\\/#\\\/schema\\\/logo\\\/image\\\/\"}}]}<\/script>\n<!-- \/ Yoast SEO plugin. -->","yoast_head_json":{"title":"Allgemeine Gesch\u00e4ftsbedingungen - Nude In Public DVD Store","robots":{"index":"index","follow":"follow","max-snippet":"max-snippet:-1","max-image-preview":"max-image-preview:large","max-video-preview":"max-video-preview:-1"},"canonical":"https:\/\/www.nude-in-public.store\/de\/agb\/","og_locale":"de_DE","og_type":"article","og_title":"Allgemeine Gesch\u00e4ftsbedingungen - Nude In Public DVD Store","og_description":"Allgemeine Gesch\u00e4ftsbedingungen f\u00fcr Nude-In-Public DVD Store der Firma Stoppe Becker GbR Die nachfolgenden Gesch\u00e4ftsbedingungen sind in deutscher Sprache verfasst und k\u00f6nnen von dem Kunden in seinen Arbeitsspeicher geladen werden. Auf Wunsch k\u00f6nnen sie unter der E-Mail-Adresse support@nude-in-public-store.com in digitaler oder schriftlicher Form angefordert werden. Sie werden dem Kunden zus\u00e4tzlich bei jeder Warenlieferung ausgeh\u00e4ndigt. Die ladungsf\u00e4hige [&hellip;]","og_url":"https:\/\/www.nude-in-public.store\/de\/agb\/","og_site_name":"Nude In Public DVD Store","article_modified_time":"2016-07-09T21:06:50+00:00","twitter_card":"summary_large_image","twitter_misc":{"Est. reading time":"8 minutes"},"schema":{"@context":"https:\/\/schema.org","@graph":[{"@type":"WebPage","@id":"https:\/\/www.nude-in-public.store\/de\/agb\/","url":"https:\/\/www.nude-in-public.store\/de\/agb\/","name":"Allgemeine Gesch\u00e4ftsbedingungen - Nude In Public DVD Store","isPartOf":{"@id":"https:\/\/www.nude-in-public.store\/de\/#website"},"datePublished":"2016-07-04T19:23:49+00:00","dateModified":"2016-07-09T21:06:50+00:00","breadcrumb":{"@id":"https:\/\/www.nude-in-public.store\/de\/agb\/#breadcrumb"},"inLanguage":"de-DE","potentialAction":[{"@type":"ReadAction","target":["https:\/\/www.nude-in-public.store\/de\/agb\/"]}]},{"@type":"BreadcrumbList","@id":"https:\/\/www.nude-in-public.store\/de\/agb\/#breadcrumb","itemListElement":[{"@type":"ListItem","position":1,"name":"Home","item":"https:\/\/www.nude-in-public.store\/de\/"},{"@type":"ListItem","position":2,"name":"Allgemeine Gesch\u00e4ftsbedingungen"}]},{"@type":"WebSite","@id":"https:\/\/www.nude-in-public.store\/de\/#website","url":"https:\/\/www.nude-in-public.store\/de\/","name":"Nude In Public DVD Store","description":"The NIP-Activity.com DVD Store","publisher":{"@id":"https:\/\/www.nude-in-public.store\/de\/#organization"},"potentialAction":[{"@type":"SearchAction","target":{"@type":"EntryPoint","urlTemplate":"https:\/\/www.nude-in-public.store\/de\/?s={search_term_string}"},"query-input":{"@type":"PropertyValueSpecification","valueRequired":true,"valueName":"search_term_string"}}],"inLanguage":"de-DE"},{"@type":"Organization","@id":"https:\/\/www.nude-in-public.store\/de\/#organization","name":"N-I-P Productions Inc.","url":"https:\/\/www.nude-in-public.store\/de\/","logo":{"@type":"ImageObject","inLanguage":"de-DE","@id":"https:\/\/www.nude-in-public.store\/de\/#\/schema\/logo\/image\/","url":"https:\/\/www.nude-in-public.store\/wp-content\/uploads\/2018\/11\/cropped-shop_logo-1.png","contentUrl":"https:\/\/www.nude-in-public.store\/wp-content\/uploads\/2018\/11\/cropped-shop_logo-1.png","width":400,"height":80,"caption":"N-I-P Productions Inc."},"image":{"@id":"https:\/\/www.nude-in-public.store\/de\/#\/schema\/logo\/image\/"}}]}},"_links":{"self":[{"href":"https:\/\/www.nude-in-public.store\/de\/wp-json\/wp\/v2\/pages\/1452","targetHints":{"allow":["GET"]}}],"collection":[{"href":"https:\/\/www.nude-in-public.store\/de\/wp-json\/wp\/v2\/pages"}],"about":[{"href":"https:\/\/www.nude-in-public.store\/de\/wp-json\/wp\/v2\/types\/page"}],"author":[{"embeddable":true,"href":"https:\/\/www.nude-in-public.store\/de\/wp-json\/wp\/v2\/users\/1"}],"replies":[{"embeddable":true,"href":"https:\/\/www.nude-in-public.store\/de\/wp-json\/wp\/v2\/comments?post=1452"}],"version-history":[{"count":0,"href":"https:\/\/www.nude-in-public.store\/de\/wp-json\/wp\/v2\/pages\/1452\/revisions"}],"wp:attachment":[{"href":"https:\/\/www.nude-in-public.store\/de\/wp-json\/wp\/v2\/media?parent=1452"}],"curies":[{"name":"wp","href":"https:\/\/api.w.org\/{rel}","templated":true}]}}