{"id":13,"date":"2016-07-04T19:23:49","date_gmt":"2016-07-04T19:23:49","guid":{"rendered":"http:\/\/www.nude-in-public.store\/index.php\/shipping__delivery\/"},"modified":"2016-07-27T18:27:29","modified_gmt":"2016-07-27T18:27:29","slug":"versandkosten","status":"publish","type":"page","link":"https:\/\/www.nude-in-public.store\/de\/versandkosten\/","title":{"rendered":"Versandkosten und Lieferinformationen"},"content":{"rendered":"<h2>Liefer- und Versandkosten<\/h2>\n<p>Versand Information<br \/>\nDer Versand erfolgt mit der Deutschen Post\/DHL oder auf Wunsch mit Hermes Paketdienst ( nur Deutschland ).<\/p>\n<p>Wir versenden unsere Produkte in neutralen Verpackungen von Deutschland aus.<\/p>\n<p>Zum Versand verwenden wir Luftpolstertaschen.<\/p>\n<p>Wir versenden unsere Ware immer als versichertes Einschreiben oder versichertes Paket.<\/p>\n<p>Sie bekommen von uns die Deutsche Post\/DHL Tracking ID um den aktuellen Sendungsstatus verfolgen zu k\u00f6nnen.<\/p>\n<p>Die Versandkosten (exkl. MwSt.) betragen bei uns mit Deutsche Post \/ DHL<br \/>\n3,55 EUR\u00a0 innerhalb Deutschlands<\/p>\n<p>6,85 EUR ins europ\u00e4ische Ausland*<\/p>\n<p>10,50 EUR in alle anderen Staaten<\/p>\n<p>Die Versandkosten sind unabh\u00e4ngig von der Bestellmenge.<\/p>\n<p>Nachnahme-Geb\u00fchr<br \/>\nBei der Bezahlung per Nachnahme erheben wir zus\u00e4tzlich eine Nachnahme-Geb\u00fchr von 2,90 Euro<\/p>\n<p>Die Nachnahme-Geb\u00fchr enth\u00e4lt die Geld\u00fcbermittlungsgeb\u00fchr der Deutschen Post\/DHL.<\/p>\n<p>F\u00fcr alle anderen Staaten ist nur die Bezahlung per Vorkasse\/Kreditkarte m\u00f6glich.<\/p>\n<p>Versand<br \/>\nJede Nachnahme- oder Kreditkartenorder wird noch am Tag des Bestelleingangs mit Deutsche Post \/ DHL\u00a0 oder Hermes Paketdienst versendet (Werktag), sofern die Bestellung bis 12:00 Uhr bei uns eingeht.<\/p>\n<p>* Europa im Sinne der Deutschen Post\/DHL: Albanien, Andorra, Armenien, Aserbaidschan, Azoren, Belarus (Wei\u00dfrussland), Belgien, Bosnien-Herzegowina, Bulgarien, D\u00e4nemark, Deutschland, Estland, F\u00e4r\u00f6er, Finnland, Frankreich, Franz\u00f6sisch Guyana, Georgien, Griechenland, Gr\u00f6nland, Gro\u00dfbritannien, Guadeloupe, Irland, Island, Italien, Kanarische Inseln, Kasachstan, Kosovo, Kroatien, Lettland, Liechtenstein, Litauen, Luxemburg, Madeira, Mazedonien, Malta, Martinique, Mayotte, Republik Moldau, Monaco, Niederlande, Norwegen, \u00d6sterreich, Polen, Portugal, R\u00e9union, Rum\u00e4nien, Russische F\u00f6deration, San Marino, Schweden, Schweiz, Serbien und Montenegro, Slowakische Republik, Slowenien, Spanien, St. Pierre und Miquelon, Tschechische Republik, T\u00fcrkei, Ukraine, Ungarn, Vatikanstadt und Zypern<\/p>\n<p>Stand: 20.06.2016<\/p>\n","protected":false},"excerpt":{"rendered":"<p>Liefer- und Versandkosten Versand Information Der Versand erfolgt mit der Deutschen Post\/DHL oder auf Wunsch mit Hermes Paketdienst ( nur Deutschland ). Wir versenden unsere Produkte in neutralen Verpackungen von Deutschland aus. Zum Versand verwenden wir Luftpolstertaschen. Wir versenden unsere Ware immer als versichertes Einschreiben oder versichertes Paket. Sie bekommen von uns die Deutsche Post\/DHL [&hellip;]<\/p>\n","protected":false},"author":1,"featured_media":0,"parent":0,"menu_order":0,"comment_status":"closed","ping_status":"closed","template":"","meta":{"footnotes":""},"class_list":["post-13","page","type-page","status-publish","hentry"],"yoast_head":"<!-- This site is optimized with the Yoast SEO plugin v27.5 - https:\/\/yoast.com\/product\/yoast-seo-wordpress\/ -->\n<title>Versandkosten und Lieferinformationen - Nude In Public DVD Store<\/title>\n<meta name=\"robots\" content=\"index, follow, max-snippet:-1, max-image-preview:large, max-video-preview:-1\" \/>\n<link rel=\"canonical\" href=\"https:\/\/www.nude-in-public.store\/de\/versandkosten\/\" \/>\n<meta property=\"og:locale\" content=\"de_DE\" \/>\n<meta property=\"og:type\" content=\"article\" \/>\n<meta property=\"og:title\" content=\"Versandkosten und Lieferinformationen - Nude In Public DVD Store\" \/>\n<meta property=\"og:description\" content=\"Liefer- und Versandkosten Versand Information Der Versand erfolgt mit der Deutschen Post\/DHL oder auf Wunsch mit Hermes Paketdienst ( nur Deutschland ). Wir versenden unsere Produkte in neutralen Verpackungen von Deutschland aus. Zum Versand verwenden wir Luftpolstertaschen. Wir versenden unsere Ware immer als versichertes Einschreiben oder versichertes Paket. Sie bekommen von uns die Deutsche Post\/DHL [&hellip;]\" \/>\n<meta property=\"og:url\" content=\"https:\/\/www.nude-in-public.store\/de\/versandkosten\/\" \/>\n<meta property=\"og:site_name\" content=\"Nude In Public DVD Store\" \/>\n<meta property=\"article:modified_time\" content=\"2016-07-27T18:27:29+00:00\" \/>\n<meta name=\"twitter:card\" content=\"summary_large_image\" \/>\n<meta name=\"twitter:label1\" content=\"Est. reading time\" \/>\n\t<meta name=\"twitter:data1\" content=\"1 minute\" \/>\n<script type=\"application\/ld+json\" class=\"yoast-schema-graph\">{\"@context\":\"https:\\\/\\\/schema.org\",\"@graph\":[{\"@type\":\"WebPage\",\"@id\":\"https:\\\/\\\/www.nude-in-public.store\\\/de\\\/versandkosten\\\/\",\"url\":\"https:\\\/\\\/www.nude-in-public.store\\\/de\\\/versandkosten\\\/\",\"name\":\"Versandkosten und Lieferinformationen - Nude In Public DVD Store\",\"isPartOf\":{\"@id\":\"https:\\\/\\\/www.nude-in-public.store\\\/de\\\/#website\"},\"datePublished\":\"2016-07-04T19:23:49+00:00\",\"dateModified\":\"2016-07-27T18:27:29+00:00\",\"breadcrumb\":{\"@id\":\"https:\\\/\\\/www.nude-in-public.store\\\/de\\\/versandkosten\\\/#breadcrumb\"},\"inLanguage\":\"de-DE\",\"potentialAction\":[{\"@type\":\"ReadAction\",\"target\":[\"https:\\\/\\\/www.nude-in-public.store\\\/de\\\/versandkosten\\\/\"]}]},{\"@type\":\"BreadcrumbList\",\"@id\":\"https:\\\/\\\/www.nude-in-public.store\\\/de\\\/versandkosten\\\/#breadcrumb\",\"itemListElement\":[{\"@type\":\"ListItem\",\"position\":1,\"name\":\"Home\",\"item\":\"https:\\\/\\\/www.nude-in-public.store\\\/de\\\/\"},{\"@type\":\"ListItem\",\"position\":2,\"name\":\"Versandkosten und Lieferinformationen\"}]},{\"@type\":\"WebSite\",\"@id\":\"https:\\\/\\\/www.nude-in-public.store\\\/de\\\/#website\",\"url\":\"https:\\\/\\\/www.nude-in-public.store\\\/de\\\/\",\"name\":\"Nude In Public DVD Store\",\"description\":\"The NIP-Activity.com DVD Store\",\"publisher\":{\"@id\":\"https:\\\/\\\/www.nude-in-public.store\\\/de\\\/#organization\"},\"potentialAction\":[{\"@type\":\"SearchAction\",\"target\":{\"@type\":\"EntryPoint\",\"urlTemplate\":\"https:\\\/\\\/www.nude-in-public.store\\\/de\\\/?s={search_term_string}\"},\"query-input\":{\"@type\":\"PropertyValueSpecification\",\"valueRequired\":true,\"valueName\":\"search_term_string\"}}],\"inLanguage\":\"de-DE\"},{\"@type\":\"Organization\",\"@id\":\"https:\\\/\\\/www.nude-in-public.store\\\/de\\\/#organization\",\"name\":\"N-I-P Productions Inc.\",\"url\":\"https:\\\/\\\/www.nude-in-public.store\\\/de\\\/\",\"logo\":{\"@type\":\"ImageObject\",\"inLanguage\":\"de-DE\",\"@id\":\"https:\\\/\\\/www.nude-in-public.store\\\/de\\\/#\\\/schema\\\/logo\\\/image\\\/\",\"url\":\"https:\\\/\\\/www.nude-in-public.store\\\/wp-content\\\/uploads\\\/2018\\\/11\\\/cropped-shop_logo-1.png\",\"contentUrl\":\"https:\\\/\\\/www.nude-in-public.store\\\/wp-content\\\/uploads\\\/2018\\\/11\\\/cropped-shop_logo-1.png\",\"width\":400,\"height\":80,\"caption\":\"N-I-P Productions Inc.\"},\"image\":{\"@id\":\"https:\\\/\\\/www.nude-in-public.store\\\/de\\\/#\\\/schema\\\/logo\\\/image\\\/\"}}]}<\/script>\n<!-- \/ Yoast SEO plugin. -->","yoast_head_json":{"title":"Versandkosten und Lieferinformationen - Nude In Public DVD Store","robots":{"index":"index","follow":"follow","max-snippet":"max-snippet:-1","max-image-preview":"max-image-preview:large","max-video-preview":"max-video-preview:-1"},"canonical":"https:\/\/www.nude-in-public.store\/de\/versandkosten\/","og_locale":"de_DE","og_type":"article","og_title":"Versandkosten und Lieferinformationen - Nude In Public DVD Store","og_description":"Liefer- und Versandkosten Versand Information Der Versand erfolgt mit der Deutschen Post\/DHL oder auf Wunsch mit Hermes Paketdienst ( nur Deutschland ). Wir versenden unsere Produkte in neutralen Verpackungen von Deutschland aus. Zum Versand verwenden wir Luftpolstertaschen. Wir versenden unsere Ware immer als versichertes Einschreiben oder versichertes Paket. Sie bekommen von uns die Deutsche Post\/DHL [&hellip;]","og_url":"https:\/\/www.nude-in-public.store\/de\/versandkosten\/","og_site_name":"Nude In Public DVD Store","article_modified_time":"2016-07-27T18:27:29+00:00","twitter_card":"summary_large_image","twitter_misc":{"Est. reading time":"1 minute"},"schema":{"@context":"https:\/\/schema.org","@graph":[{"@type":"WebPage","@id":"https:\/\/www.nude-in-public.store\/de\/versandkosten\/","url":"https:\/\/www.nude-in-public.store\/de\/versandkosten\/","name":"Versandkosten und Lieferinformationen - Nude In Public DVD Store","isPartOf":{"@id":"https:\/\/www.nude-in-public.store\/de\/#website"},"datePublished":"2016-07-04T19:23:49+00:00","dateModified":"2016-07-27T18:27:29+00:00","breadcrumb":{"@id":"https:\/\/www.nude-in-public.store\/de\/versandkosten\/#breadcrumb"},"inLanguage":"de-DE","potentialAction":[{"@type":"ReadAction","target":["https:\/\/www.nude-in-public.store\/de\/versandkosten\/"]}]},{"@type":"BreadcrumbList","@id":"https:\/\/www.nude-in-public.store\/de\/versandkosten\/#breadcrumb","itemListElement":[{"@type":"ListItem","position":1,"name":"Home","item":"https:\/\/www.nude-in-public.store\/de\/"},{"@type":"ListItem","position":2,"name":"Versandkosten und Lieferinformationen"}]},{"@type":"WebSite","@id":"https:\/\/www.nude-in-public.store\/de\/#website","url":"https:\/\/www.nude-in-public.store\/de\/","name":"Nude In Public DVD Store","description":"The NIP-Activity.com DVD Store","publisher":{"@id":"https:\/\/www.nude-in-public.store\/de\/#organization"},"potentialAction":[{"@type":"SearchAction","target":{"@type":"EntryPoint","urlTemplate":"https:\/\/www.nude-in-public.store\/de\/?s={search_term_string}"},"query-input":{"@type":"PropertyValueSpecification","valueRequired":true,"valueName":"search_term_string"}}],"inLanguage":"de-DE"},{"@type":"Organization","@id":"https:\/\/www.nude-in-public.store\/de\/#organization","name":"N-I-P Productions Inc.","url":"https:\/\/www.nude-in-public.store\/de\/","logo":{"@type":"ImageObject","inLanguage":"de-DE","@id":"https:\/\/www.nude-in-public.store\/de\/#\/schema\/logo\/image\/","url":"https:\/\/www.nude-in-public.store\/wp-content\/uploads\/2018\/11\/cropped-shop_logo-1.png","contentUrl":"https:\/\/www.nude-in-public.store\/wp-content\/uploads\/2018\/11\/cropped-shop_logo-1.png","width":400,"height":80,"caption":"N-I-P Productions Inc."},"image":{"@id":"https:\/\/www.nude-in-public.store\/de\/#\/schema\/logo\/image\/"}}]}},"_links":{"self":[{"href":"https:\/\/www.nude-in-public.store\/de\/wp-json\/wp\/v2\/pages\/13","targetHints":{"allow":["GET"]}}],"collection":[{"href":"https:\/\/www.nude-in-public.store\/de\/wp-json\/wp\/v2\/pages"}],"about":[{"href":"https:\/\/www.nude-in-public.store\/de\/wp-json\/wp\/v2\/types\/page"}],"author":[{"embeddable":true,"href":"https:\/\/www.nude-in-public.store\/de\/wp-json\/wp\/v2\/users\/1"}],"replies":[{"embeddable":true,"href":"https:\/\/www.nude-in-public.store\/de\/wp-json\/wp\/v2\/comments?post=13"}],"version-history":[{"count":0,"href":"https:\/\/www.nude-in-public.store\/de\/wp-json\/wp\/v2\/pages\/13\/revisions"}],"wp:attachment":[{"href":"https:\/\/www.nude-in-public.store\/de\/wp-json\/wp\/v2\/media?parent=13"}],"curies":[{"name":"wp","href":"https:\/\/api.w.org\/{rel}","templated":true}]}}