{"id":12,"date":"2016-07-04T19:23:49","date_gmt":"2016-07-04T19:23:49","guid":{"rendered":"http:\/\/www.nude-in-public.store\/index.php\/legal_information\/"},"modified":"2026-04-21T10:33:26","modified_gmt":"2026-04-21T10:33:26","slug":"impressum","status":"publish","type":"page","link":"https:\/\/www.nude-in-public.store\/de\/impressum\/","title":{"rendered":"Impressum"},"content":{"rendered":"<p>Stoppe Stoppe GbR<br \/>\nFischerweg 37<br \/>\nD-56235 Ransbach-Baumbach<\/p>\n<p>support@nude-in-public.store<\/p>\n<p>Ust-ID-Nr.: DE240836556<\/p>\n<p>&nbsp;<\/p>\n<h2>Haftungsausschluss:<\/h2>\n<p>OS-Plattform:<br \/>\nIm ersten Quartal 2016 wird die EU-Kommission eine Internetplattform zur Online-Beilegung von Streitigkeiten bereitstellen. Die sogenannte OS-Plattform dient als Anlaufstelle zur au\u00dfergerichtlichen Beilegung von Streitigkeiten betreffend vertraglicher Verpflichtungen, die aus Online-Kaufvertr\u00e4gen erstehen k\u00f6nnen.<\/p>\n<p>Unter dem folgenden Link: &#8211; <a href=\"http:\/\/ec.europa.eu\/consumers\/odr\" target=\"_blank\" rel=\"noopener\">ec.europa.eu\/consumers\/odr <\/a>&#8211; wird die OS\u2013Plattform erreichbar sein.<\/p>\n<h3>Keine Abmahnung ohne vorherigen Kontakt nach \u00a7 8 Abs. 4 UWG<\/h3>\n<p>Wenn der Inhalt oder die Gestaltung einzelner Seiten oder Artikel dieser Internetseite fremde Rechte Dritter oder gesetzliche Bestimmungen verletzen oder in irgendeiner Form wettbewerbsrechtliche Probleme hervorbringen, so bitten wir um eine angemessene, ausreichend erl\u00e4uternde und schnelle Nachricht ohne Kostennote. Wir garantieren, dass die zu Recht beanstandeten Passagen oder Teile des Angebots unverz\u00fcglich entfernt bzw. den rechtlichen Vorgaben umfassend angepasst werden, ohne dass von Ihrer Seite die Einschaltung eines Rechtsbeistandes erforderlich sein wird. Die zeitaufw\u00e4ndigere Einschaltung eines Anwaltes zur f\u00fcr den Webseiteninhaber kostenpflichtigen Abmahnung entspricht nicht dessen wirklichen oder mutma\u00dflichen Willen.<\/p>\n<p>&nbsp;<\/p>\n<h3>Haftung f\u00fcr Inhalte<\/h3>\n<p>Die Inhalte unserer Seiten wurden mit gr\u00f6\u00dfter Sorgfalt erstellt. F\u00fcr die Richtigkeit, Vollst\u00e4ndigkeit und Aktualit\u00e4t der Inhalte k\u00f6nnen wir jedoch keine Gew\u00e4hr \u00fcbernehmen. Verpflichtungen zur Entfernung oder Sperrung der Nutzung von Informationen nach den allgemeinen Gesetzen bleiben hiervon unber\u00fchrt. Eine diesbez\u00fcgliche Haftung ist jedoch erst ab dem Zeitpunkt der Kenntnis einer konkreten Rechtsverletzung m\u00f6glich. Bei Bekanntwerden von entsprechenden Rechtsverletzungen werden wir diese Inhalte umgehend entfernen.<\/p>\n<p>&nbsp;<\/p>\n<h2>Linkhaftung<\/h2>\n<p>Trotz sorgf\u00e4ltiger inhaltlicher Kontrolle \u00fcbernehmen wir keine Haftung f\u00fcr die Inhalte externer Links. F\u00fcr den Inhalt der verlinkten Seiten sind ausschlie\u00dflich deren Betreiber verantwortlich.<\/p>\n<p>&nbsp;<\/p>\n<h2>Urheberrecht<\/h2>\n<p>Der Inhalt dieser Website ist urheberrechtlich gesch\u00fctzt. Ohne schriftliche Genehmigung d\u00fcrfen Texte, Bilder, Grafiken, Sounds, Animationen oder Videos sowie deren Anordnung auf diesen Internetseiten weder reproduziert oder noch unter Verwendung elektronischer Systeme verarbeitet, ver\u00e4ndert, vervielf\u00e4ltigt oder verbreitet werden. Alle Adressen, die auf diesen Internetseiten ver\u00f6ffentlicht sind, dienen ausschlie\u00dflich Informationszwecken. Eine kommerzielle Verwendung durch Dritte ist nicht gestattet.<\/p>\n<p>&nbsp;<\/p>\n<table style=\"width: 240px;\" border=\"1\" cellspacing=\"0\" cellpadding=\"10\" align=\"center\">\n<tbody>\n<tr>\n<td bgcolor=\"#626262\" width=\"250\" height=\"127\">\n<div id=\"Jugendschutzbeauftragter\" style=\"position: relative; padding: 3pt; background-color: #ffffff; width: 200pt; font-family: Verdana,Arial,Helvetica,sans-serif; font-size: 8pt; color: #616161;\">\n<div style=\"width: 185pt; text-align: left;\"><a style=\"font-family: Verdana,Arial,Helvetica,sans-serif; font-weight: bold; font-size: 8pt; color: #616161; text-decoration: none;\" title=\"JS-Beauftragter.de als Jugendschutzbeauftragter\" href=\"http:\/\/www.js-beauftragter.de\/\" target=\"_blank\" rel=\"noopener\">Jugendschutzbeauftragter<\/a> gestellt von<\/div>\n<div style=\"width: 185pt;\"><a style=\"font-family: Verdana,Arial,Helvetica,sans-serif; font-weight: normal; font-size: 8pt; color: #616161; text-decoration: underline;\" title=\"Jugendschutzbeauftragter von JS-Beauftragter.de\" href=\"http:\/\/www.js-beauftragter.de\/\" target=\"_blank\" rel=\"noopener\">JS-Beauftragter.de<\/a><\/div>\n<p>Anna Fricke, Ruhrallee 185, 45136 Essen<\/p>\n<div style=\"position: relative; height: 10pt;\">\n<div style=\"position: absolute; left: 0pt; top: 0pt; width: 23pt;\">Tel:<\/div>\n<div style=\"position: absolute; left: 28pt; width: 122pt;\">+49 201-8945-372<\/div>\n<div style=\"position: absolute; left: 152pt; width: 48pt;\">Fax: &#8211; 45<\/div>\n<\/div>\n<div style=\"position: relative; height: 10pt;\">\n<div style=\"position: absolute; left: 0pt; top: 0pt; width: 23pt;\">Mail:<\/div>\n<div style=\"position: absolute; left: 28pt; width: 152pt;\">info(at)js-beauftragter.de<\/div>\n<\/div>\n<div style=\"position: relative; height: 10pt;\">\n<div style=\"position: absolute; left: 0pt; top: 0pt; width: 23pt;\">Web:<\/div>\n<div style=\"position: absolute; left: 28pt; width: 152pt;\"><a style=\"font-family: Verdana,Arial,Helvetica,sans-serif; font-size: 8pt; color: #616161;\" title=\"Jugendschutzbeauftragter\" href=\"http:\/\/www.js-beauftragter.de\/\" target=\"_blank\" rel=\"noopener\"><span style=\"letter-spacing: 2pt;\">www.<\/span>js-beauftragter.de<\/a><\/div>\n<\/div>\n<\/div>\n<\/td>\n<\/tr>\n<\/tbody>\n<\/table>\n","protected":false},"excerpt":{"rendered":"<p>Stoppe Stoppe GbR Fischerweg 37 D-56235 Ransbach-Baumbach support@nude-in-public.store Ust-ID-Nr.: DE240836556 &nbsp; Haftungsausschluss: OS-Plattform: Im ersten Quartal 2016 wird die EU-Kommission eine Internetplattform zur Online-Beilegung von Streitigkeiten bereitstellen. Die sogenannte OS-Plattform dient als Anlaufstelle zur au\u00dfergerichtlichen Beilegung von Streitigkeiten betreffend vertraglicher Verpflichtungen, die aus Online-Kaufvertr\u00e4gen erstehen k\u00f6nnen. Unter dem folgenden Link: &#8211; ec.europa.eu\/consumers\/odr &#8211; wird die [&hellip;]<\/p>\n","protected":false},"author":1,"featured_media":0,"parent":0,"menu_order":0,"comment_status":"closed","ping_status":"closed","template":"","meta":{"footnotes":""},"class_list":["post-12","page","type-page","status-publish","hentry"],"yoast_head":"<!-- This site is optimized with the Yoast SEO plugin v27.5 - https:\/\/yoast.com\/product\/yoast-seo-wordpress\/ -->\n<title>Impressum - Nude In Public DVD Store<\/title>\n<meta name=\"robots\" content=\"index, follow, max-snippet:-1, max-image-preview:large, max-video-preview:-1\" \/>\n<link rel=\"canonical\" href=\"https:\/\/www.nude-in-public.store\/de\/impressum\/\" \/>\n<meta property=\"og:locale\" content=\"de_DE\" \/>\n<meta property=\"og:type\" content=\"article\" \/>\n<meta property=\"og:title\" content=\"Impressum - Nude In Public DVD Store\" \/>\n<meta property=\"og:description\" content=\"Stoppe Stoppe GbR Fischerweg 37 D-56235 Ransbach-Baumbach support@nude-in-public.store Ust-ID-Nr.: DE240836556 &nbsp; Haftungsausschluss: OS-Plattform: Im ersten Quartal 2016 wird die EU-Kommission eine Internetplattform zur Online-Beilegung von Streitigkeiten bereitstellen. Die sogenannte OS-Plattform dient als Anlaufstelle zur au\u00dfergerichtlichen Beilegung von Streitigkeiten betreffend vertraglicher Verpflichtungen, die aus Online-Kaufvertr\u00e4gen erstehen k\u00f6nnen. Unter dem folgenden Link: &#8211; ec.europa.eu\/consumers\/odr &#8211; wird die [&hellip;]\" \/>\n<meta property=\"og:url\" content=\"https:\/\/www.nude-in-public.store\/de\/impressum\/\" \/>\n<meta property=\"og:site_name\" content=\"Nude In Public DVD Store\" \/>\n<meta property=\"article:modified_time\" content=\"2026-04-21T10:33:26+00:00\" \/>\n<meta name=\"twitter:card\" content=\"summary_large_image\" \/>\n<meta name=\"twitter:label1\" content=\"Est. reading time\" \/>\n\t<meta name=\"twitter:data1\" content=\"2 minutes\" \/>\n<script type=\"application\/ld+json\" class=\"yoast-schema-graph\">{\"@context\":\"https:\\\/\\\/schema.org\",\"@graph\":[{\"@type\":\"WebPage\",\"@id\":\"https:\\\/\\\/www.nude-in-public.store\\\/de\\\/impressum\\\/\",\"url\":\"https:\\\/\\\/www.nude-in-public.store\\\/de\\\/impressum\\\/\",\"name\":\"Impressum - Nude In Public DVD Store\",\"isPartOf\":{\"@id\":\"https:\\\/\\\/www.nude-in-public.store\\\/de\\\/#website\"},\"datePublished\":\"2016-07-04T19:23:49+00:00\",\"dateModified\":\"2026-04-21T10:33:26+00:00\",\"breadcrumb\":{\"@id\":\"https:\\\/\\\/www.nude-in-public.store\\\/de\\\/impressum\\\/#breadcrumb\"},\"inLanguage\":\"de-DE\",\"potentialAction\":[{\"@type\":\"ReadAction\",\"target\":[\"https:\\\/\\\/www.nude-in-public.store\\\/de\\\/impressum\\\/\"]}]},{\"@type\":\"BreadcrumbList\",\"@id\":\"https:\\\/\\\/www.nude-in-public.store\\\/de\\\/impressum\\\/#breadcrumb\",\"itemListElement\":[{\"@type\":\"ListItem\",\"position\":1,\"name\":\"Home\",\"item\":\"https:\\\/\\\/www.nude-in-public.store\\\/de\\\/\"},{\"@type\":\"ListItem\",\"position\":2,\"name\":\"Impressum\"}]},{\"@type\":\"WebSite\",\"@id\":\"https:\\\/\\\/www.nude-in-public.store\\\/de\\\/#website\",\"url\":\"https:\\\/\\\/www.nude-in-public.store\\\/de\\\/\",\"name\":\"Nude In Public DVD Store\",\"description\":\"The NIP-Activity.com DVD Store\",\"publisher\":{\"@id\":\"https:\\\/\\\/www.nude-in-public.store\\\/de\\\/#organization\"},\"potentialAction\":[{\"@type\":\"SearchAction\",\"target\":{\"@type\":\"EntryPoint\",\"urlTemplate\":\"https:\\\/\\\/www.nude-in-public.store\\\/de\\\/?s={search_term_string}\"},\"query-input\":{\"@type\":\"PropertyValueSpecification\",\"valueRequired\":true,\"valueName\":\"search_term_string\"}}],\"inLanguage\":\"de-DE\"},{\"@type\":\"Organization\",\"@id\":\"https:\\\/\\\/www.nude-in-public.store\\\/de\\\/#organization\",\"name\":\"N-I-P Productions Inc.\",\"url\":\"https:\\\/\\\/www.nude-in-public.store\\\/de\\\/\",\"logo\":{\"@type\":\"ImageObject\",\"inLanguage\":\"de-DE\",\"@id\":\"https:\\\/\\\/www.nude-in-public.store\\\/de\\\/#\\\/schema\\\/logo\\\/image\\\/\",\"url\":\"https:\\\/\\\/www.nude-in-public.store\\\/wp-content\\\/uploads\\\/2018\\\/11\\\/cropped-shop_logo-1.png\",\"contentUrl\":\"https:\\\/\\\/www.nude-in-public.store\\\/wp-content\\\/uploads\\\/2018\\\/11\\\/cropped-shop_logo-1.png\",\"width\":400,\"height\":80,\"caption\":\"N-I-P Productions Inc.\"},\"image\":{\"@id\":\"https:\\\/\\\/www.nude-in-public.store\\\/de\\\/#\\\/schema\\\/logo\\\/image\\\/\"}}]}<\/script>\n<!-- \/ Yoast SEO plugin. -->","yoast_head_json":{"title":"Impressum - Nude In Public DVD Store","robots":{"index":"index","follow":"follow","max-snippet":"max-snippet:-1","max-image-preview":"max-image-preview:large","max-video-preview":"max-video-preview:-1"},"canonical":"https:\/\/www.nude-in-public.store\/de\/impressum\/","og_locale":"de_DE","og_type":"article","og_title":"Impressum - Nude In Public DVD Store","og_description":"Stoppe Stoppe GbR Fischerweg 37 D-56235 Ransbach-Baumbach support@nude-in-public.store Ust-ID-Nr.: DE240836556 &nbsp; Haftungsausschluss: OS-Plattform: Im ersten Quartal 2016 wird die EU-Kommission eine Internetplattform zur Online-Beilegung von Streitigkeiten bereitstellen. Die sogenannte OS-Plattform dient als Anlaufstelle zur au\u00dfergerichtlichen Beilegung von Streitigkeiten betreffend vertraglicher Verpflichtungen, die aus Online-Kaufvertr\u00e4gen erstehen k\u00f6nnen. Unter dem folgenden Link: &#8211; ec.europa.eu\/consumers\/odr &#8211; wird die [&hellip;]","og_url":"https:\/\/www.nude-in-public.store\/de\/impressum\/","og_site_name":"Nude In Public DVD Store","article_modified_time":"2026-04-21T10:33:26+00:00","twitter_card":"summary_large_image","twitter_misc":{"Est. reading time":"2 minutes"},"schema":{"@context":"https:\/\/schema.org","@graph":[{"@type":"WebPage","@id":"https:\/\/www.nude-in-public.store\/de\/impressum\/","url":"https:\/\/www.nude-in-public.store\/de\/impressum\/","name":"Impressum - Nude In Public DVD Store","isPartOf":{"@id":"https:\/\/www.nude-in-public.store\/de\/#website"},"datePublished":"2016-07-04T19:23:49+00:00","dateModified":"2026-04-21T10:33:26+00:00","breadcrumb":{"@id":"https:\/\/www.nude-in-public.store\/de\/impressum\/#breadcrumb"},"inLanguage":"de-DE","potentialAction":[{"@type":"ReadAction","target":["https:\/\/www.nude-in-public.store\/de\/impressum\/"]}]},{"@type":"BreadcrumbList","@id":"https:\/\/www.nude-in-public.store\/de\/impressum\/#breadcrumb","itemListElement":[{"@type":"ListItem","position":1,"name":"Home","item":"https:\/\/www.nude-in-public.store\/de\/"},{"@type":"ListItem","position":2,"name":"Impressum"}]},{"@type":"WebSite","@id":"https:\/\/www.nude-in-public.store\/de\/#website","url":"https:\/\/www.nude-in-public.store\/de\/","name":"Nude In Public DVD Store","description":"The NIP-Activity.com DVD Store","publisher":{"@id":"https:\/\/www.nude-in-public.store\/de\/#organization"},"potentialAction":[{"@type":"SearchAction","target":{"@type":"EntryPoint","urlTemplate":"https:\/\/www.nude-in-public.store\/de\/?s={search_term_string}"},"query-input":{"@type":"PropertyValueSpecification","valueRequired":true,"valueName":"search_term_string"}}],"inLanguage":"de-DE"},{"@type":"Organization","@id":"https:\/\/www.nude-in-public.store\/de\/#organization","name":"N-I-P Productions Inc.","url":"https:\/\/www.nude-in-public.store\/de\/","logo":{"@type":"ImageObject","inLanguage":"de-DE","@id":"https:\/\/www.nude-in-public.store\/de\/#\/schema\/logo\/image\/","url":"https:\/\/www.nude-in-public.store\/wp-content\/uploads\/2018\/11\/cropped-shop_logo-1.png","contentUrl":"https:\/\/www.nude-in-public.store\/wp-content\/uploads\/2018\/11\/cropped-shop_logo-1.png","width":400,"height":80,"caption":"N-I-P Productions Inc."},"image":{"@id":"https:\/\/www.nude-in-public.store\/de\/#\/schema\/logo\/image\/"}}]}},"_links":{"self":[{"href":"https:\/\/www.nude-in-public.store\/de\/wp-json\/wp\/v2\/pages\/12","targetHints":{"allow":["GET"]}}],"collection":[{"href":"https:\/\/www.nude-in-public.store\/de\/wp-json\/wp\/v2\/pages"}],"about":[{"href":"https:\/\/www.nude-in-public.store\/de\/wp-json\/wp\/v2\/types\/page"}],"author":[{"embeddable":true,"href":"https:\/\/www.nude-in-public.store\/de\/wp-json\/wp\/v2\/users\/1"}],"replies":[{"embeddable":true,"href":"https:\/\/www.nude-in-public.store\/de\/wp-json\/wp\/v2\/comments?post=12"}],"version-history":[{"count":3,"href":"https:\/\/www.nude-in-public.store\/de\/wp-json\/wp\/v2\/pages\/12\/revisions"}],"predecessor-version":[{"id":42087,"href":"https:\/\/www.nude-in-public.store\/de\/wp-json\/wp\/v2\/pages\/12\/revisions\/42087"}],"wp:attachment":[{"href":"https:\/\/www.nude-in-public.store\/de\/wp-json\/wp\/v2\/media?parent=12"}],"curies":[{"name":"wp","href":"https:\/\/api.w.org\/{rel}","templated":true}]}}